{"id":2482,"date":"2023-03-06T15:14:57","date_gmt":"2023-03-06T14:14:57","guid":{"rendered":"https:\/\/camaraenmano.org\/?page_id=2482"},"modified":"2023-11-13T18:51:46","modified_gmt":"2023-11-13T17:51:46","slug":"badibu","status":"publish","type":"page","link":"https:\/\/camaraenmano.org\/index.php\/badibu\/","title":{"rendered":"Badib\u00fa, un proyecto solidario"},"content":{"rendered":"<p>(Este proyecto tiene continuidad en el 2023 con el proyecto <a href=\"https:\/\/camaraenmano.org\/index.php\/2023\/11\/13\/proyecto-adolescentes-de-mercedes-conesa\/\">Adolescentes<\/a> de la misma autora)<\/p>\n<p style=\"text-align: justify;\"><a href=\"https:\/\/camaraenmano.org\/index.php\/badibu\/\" target=\"_blank\" rel=\"noopener\"><strong>Badib\u00fa<\/strong><\/a> es el proyecto fotogr\u00e1fico de nuestra compa\u00f1era <a href=\"https:\/\/camaraenmano.org\/index.php\/2022\/03\/14\/mercedes-conesa\/\" target=\"_blank\" rel=\"noopener\"><strong>Mercedes Conesa<\/strong><\/a> que ha evolucionado hacia un proyecto solidario con las ni\u00f1as y mujeres de Gambia. Ella nos lo cuenta a continuaci\u00f3n:<\/p>\n<p style=\"text-align: justify;\"><strong>PROYECTO FOTOGR\u00c1FICO SOLIDARIO BADIB\u00da<\/strong> sigue adelante :<\/p>\n<p style=\"text-align: justify;\">Durante el verano del 2022 tuve la oportunidad de visitar Gambia de la mano de Sankung y Julia. Cuando llegu\u00e9, mi intenci\u00f3n era conocer a fondo a las mujeres para entender su realidad. Fue una experiencia incre\u00edble poder sentir la vida de la gente de a pie. Tuve la suerte de ser admitida como parte de su familia y amigos.<\/p>\n<p style=\"text-align: justify;\">Con este proyecto intento <strong>mostrar lo que ocurre en esa peque\u00f1a parte del mundo<\/strong>. Me gustar\u00eda <strong>contribuir a la educaci\u00f3n de estas ni\u00f1as de las aldeas y pueblos<\/strong>, y cambiar de alguna manera su futuro que en pleno siglo XXI es convertirse en una de las esposas de cualquier hombre que pueda permit\u00edrselo, trabajar el GADI (huerto) y parir todos los hijos que sea capaz de engendrar.<\/p>\n<p style=\"text-align: justify;\">Las escuelas cor\u00e1nicas (gestionadas por los Talibanes) son la opci\u00f3n \u201cgratuita\u201d para ir a la escuela para las familias sin recursos.<\/p>\n<p style=\"text-align: justify;\">Durante el <strong>verano de 2023<\/strong> he vuelto a Gambia, he trabajado como voluntaria con ASEDA. He conocido otras organizaciones que tambi\u00e9n colaboran con la formaci\u00f3n de mujeres y ni\u00f1as (como <a href=\"https:\/\/starfishinternational.org\/\">STAR FISH<\/a>).<\/p>\n<p style=\"text-align: justify;\">Actualmente, estoy recaudando <strong>fondos para ayudar a mujeres j\u00f3venes sin formaci\u00f3n a conseguir una profesi\u00f3n<\/strong>. Para que una mujer pueda llegar a ser peluquera, costurera\u2026 necesita unos 250\u20ac para la matr\u00edcula y material del a\u00f1o.<\/p>\n<p style=\"text-align: justify;\">He viajado de nuevo a Morung Kunda y he encontrado alguna sorpresa. Se ha construido una peque\u00f1a aula para los m\u00e1s peque\u00f1os. El coste de los libros para dos a\u00f1os es de D800 (unos 12 \u20ac). <strong>No permitas que se queden sin esta oportunidad<\/strong>.<\/p>\n<p style=\"text-align: justify;\">Si quieres ayudar, apadrina a alguno de estos ni\u00f1os\/as (<a href=\"https:\/\/asedagambia.com\/\" target=\"_blank\" rel=\"noopener\">ASEDAGAMBIA<\/a>) o coopera con una peque\u00f1a aportaci\u00f3n econ\u00f3mica.<\/p>\n<p style=\"text-align: justify;\">La exposici\u00f3n BADIB\u00da y el cat\u00e1logo tienen por objetivo dar a conocer la situaci\u00f3n de las ni\u00f1as en Gambia. Todas las donaciones ser\u00e1n destinadas a la educaci\u00f3n de las ni\u00f1as y mujeres gambianas.<\/p>\n<p style=\"text-align: justify;\">Te animo a unirte a los que creemos que <strong>un mundo mejor es posible<\/strong>.<\/p>\n<p style=\"text-align: justify;\">Gracias por dejarme contar esta historia.<\/p>\n<p style=\"text-align: justify;\"><span>e-mail: <a href=\"mailto:mrssmaisel@gmail.com\">mrssmaisel@gmail.com<\/a><\/span><\/p>\n<p style=\"text-align: justify;\"><span>IG: <a href=\"https:\/\/www.instagram.com\/mrssmaisel\/\" target=\"_blank\" rel=\"noopener\">@mrssmaisel<\/a><\/span><\/p>\n<div>Ya hemos publicado el cat\u00e1logo de la exposici\u00f3n. Puedes verlo en <a href=\"https:\/\/camaraenmano.org\/index.php\/2023\/04\/16\/libro-de-autor-badibu-historias-de-gambia-mercedes-conesa\/\">este enlace<\/a>.<\/div>\n<div><\/div>\n<div>Si te ha gustado, puedes ped\u00edrmelo por <a href=\"mailto:mrssmaisel@gmail.com\">correo electr\u00f3nico<\/a> (donaci\u00f3n m\u00ednima 16 \u20ac+ env\u00edo)<\/div>\n<div><\/div>\n<div><\/div>\n<div style=\"position: relative; width: fit-content; height: fit-content;\"><a style=\"position: absolute; top: 20px; right: 1rem; opacity: 0.8;\" href=\"https:\/\/clipchamp.com\/watch\/TC8tnpdyFK4?utm_source=embed&amp;utm_medium=embed&amp;utm_campaign=watch\"><br \/>\n<img decoding=\"async\" style=\"height: 22px;\" src=\"https:\/\/clipchamp.com\/e.svg\" alt=\"Made with Clipchamp\" \/><br \/>\n<\/a><br \/>\n<iframe loading=\"lazy\" style=\"border: none;\" src=\"https:\/\/clipchamp.com\/watch\/TC8tnpdyFK4\/embed\" width=\"640\" height=\"360\" allowfullscreen=\"allowfullscreen\"><\/iframe><\/div>\n<p style=\"text-align: justify;\"><img loading=\"lazy\" decoding=\"async\" class=\"wp-image-1815 aligncenter\" src=\"https:\/\/camaraenmano.org\/wp-content\/uploads\/2022\/11\/AGUA-SAHHO-1024x680.jpg\" alt=\"Badib\u00fa Proyecto fotogr\u00e1fico de Mercedes Conesa\" width=\"490\" height=\"325\" srcset=\"https:\/\/camaraenmano.org\/wp-content\/uploads\/2022\/11\/AGUA-SAHHO-1024x680.jpg 1024w, https:\/\/camaraenmano.org\/wp-content\/uploads\/2022\/11\/AGUA-SAHHO-300x199.jpg 300w, https:\/\/camaraenmano.org\/wp-content\/uploads\/2022\/11\/AGUA-SAHHO-768x510.jpg 768w, https:\/\/camaraenmano.org\/wp-content\/uploads\/2022\/11\/AGUA-SAHHO-1536x1020.jpg 1536w, https:\/\/camaraenmano.org\/wp-content\/uploads\/2022\/11\/AGUA-SAHHO-2048x1360.jpg 2048w, https:\/\/camaraenmano.org\/wp-content\/uploads\/2022\/11\/AGUA-SAHHO-1320x877.jpg 1320w\" sizes=\"auto, (max-width: 490px) 100vw, 490px\" \/><\/p>\n<p style=\"text-align: justify;\"><img loading=\"lazy\" decoding=\"async\" class=\"wp-image-1820 aligncenter\" src=\"https:\/\/camaraenmano.org\/wp-content\/uploads\/2022\/11\/GADI-1024x680.jpg\" alt=\"Badib\u00fa Proyecto fotogr\u00e1fico de Mercedes Conesa\" width=\"490\" height=\"325\" srcset=\"https:\/\/camaraenmano.org\/wp-content\/uploads\/2022\/11\/GADI-1024x680.jpg 1024w, https:\/\/camaraenmano.org\/wp-content\/uploads\/2022\/11\/GADI-300x199.jpg 300w, https:\/\/camaraenmano.org\/wp-content\/uploads\/2022\/11\/GADI-768x510.jpg 768w, https:\/\/camaraenmano.org\/wp-content\/uploads\/2022\/11\/GADI-1536x1020.jpg 1536w, https:\/\/camaraenmano.org\/wp-content\/uploads\/2022\/11\/GADI-2048x1360.jpg 2048w, https:\/\/camaraenmano.org\/wp-content\/uploads\/2022\/11\/GADI-1320x877.jpg 1320w\" sizes=\"auto, (max-width: 490px) 100vw, 490px\" \/><\/p>\n<p><img loading=\"lazy\" decoding=\"async\" class=\"wp-image-1824\" src=\"https:\/\/camaraenmano.org\/wp-content\/uploads\/2022\/11\/VECINAS-MAROUNG-KUNDA_-1024x680.jpg\" alt=\"\" width=\"490\" height=\"325\" srcset=\"https:\/\/camaraenmano.org\/wp-content\/uploads\/2022\/11\/VECINAS-MAROUNG-KUNDA_-1024x680.jpg 1024w, https:\/\/camaraenmano.org\/wp-content\/uploads\/2022\/11\/VECINAS-MAROUNG-KUNDA_-300x199.jpg 300w, https:\/\/camaraenmano.org\/wp-content\/uploads\/2022\/11\/VECINAS-MAROUNG-KUNDA_-768x510.jpg 768w, https:\/\/camaraenmano.org\/wp-content\/uploads\/2022\/11\/VECINAS-MAROUNG-KUNDA_-1536x1020.jpg 1536w, https:\/\/camaraenmano.org\/wp-content\/uploads\/2022\/11\/VECINAS-MAROUNG-KUNDA_-2048x1360.jpg 2048w, https:\/\/camaraenmano.org\/wp-content\/uploads\/2022\/11\/VECINAS-MAROUNG-KUNDA_-1320x877.jpg 1320w\" sizes=\"auto, (max-width: 490px) 100vw, 490px\" \/><\/p>\n<p>&nbsp;<\/p>\n","protected":false},"excerpt":{"rendered":"<p>(Este proyecto tiene continuidad en el 2023 con el proyecto Adolescentes de la misma autora) Badib\u00fa es el proyecto fotogr\u00e1fico de nuestra compa\u00f1era Mercedes Conesa que ha evolucionado hacia un proyecto solidario con las ni\u00f1as y mujeres de Gambia. Ella nos lo cuenta a continuaci\u00f3n: PROYECTO FOTOGR\u00c1FICO SOLIDARIO BADIB\u00da sigue adelante : Durante el verano [&hellip;]<\/p>\n","protected":false},"author":1,"featured_media":1815,"parent":0,"menu_order":0,"comment_status":"closed","ping_status":"closed","template":"","meta":{"footnotes":""},"class_list":["post-2482","page","type-page","status-publish","has-post-thumbnail","czr-hentry"],"yoast_head":"<!-- This site is optimized with the Yoast SEO plugin v27.4 - https:\/\/yoast.com\/product\/yoast-seo-wordpress\/ -->\n<title>Badib\u00fa, un proyecto solidario Asociaci\u00f3n fotogr\u00e1fica C\u00e1mara en mano Las Rozas<\/title>\n<meta name=\"description\" content=\"Badibu proyecto fotogr\u00e1fico solidario Mercedes Conesa con el fin de apoyar la construcci\u00f3n de una escuela en Gambia\" \/>\n<meta name=\"robots\" content=\"index, follow, max-snippet:-1, max-image-preview:large, max-video-preview:-1\" \/>\n<link rel=\"canonical\" href=\"https:\/\/camaraenmano.org\/index.php\/badibu\/\" \/>\n<meta property=\"og:locale\" content=\"es_ES\" \/>\n<meta property=\"og:type\" content=\"article\" \/>\n<meta property=\"og:title\" content=\"Badib\u00fa, un proyecto solidario Asociaci\u00f3n fotogr\u00e1fica C\u00e1mara en mano Las Rozas\" \/>\n<meta property=\"og:description\" content=\"Badibu proyecto fotogr\u00e1fico solidario Mercedes Conesa con el fin de apoyar la construcci\u00f3n de una escuela en Gambia\" \/>\n<meta property=\"og:url\" content=\"https:\/\/camaraenmano.org\/index.php\/badibu\/\" \/>\n<meta property=\"og:site_name\" content=\"Asociaci\u00f3n fotogr\u00e1fica C\u00e1mara en mano Las Rozas\" \/>\n<meta property=\"article:publisher\" content=\"https:\/\/www.facebook.com\/AFCamaraenmano\/\" \/>\n<meta property=\"article:modified_time\" content=\"2023-11-13T17:51:46+00:00\" \/>\n<meta property=\"og:image\" content=\"https:\/\/camaraenmano.org\/wp-content\/uploads\/2022\/11\/AGUA-SAHHO-scaled.jpg\" \/>\n\t<meta property=\"og:image:width\" content=\"2560\" \/>\n\t<meta property=\"og:image:height\" content=\"1700\" \/>\n\t<meta property=\"og:image:type\" content=\"image\/jpeg\" \/>\n<meta name=\"twitter:card\" content=\"summary_large_image\" \/>\n<meta name=\"twitter:label1\" content=\"Tiempo de lectura\" \/>\n\t<meta name=\"twitter:data1\" content=\"3 minutos\" \/>\n<script type=\"application\/ld+json\" class=\"yoast-schema-graph\">{\"@context\":\"https:\\\/\\\/schema.org\",\"@graph\":[{\"@type\":\"WebPage\",\"@id\":\"https:\\\/\\\/camaraenmano.org\\\/index.php\\\/badibu\\\/\",\"url\":\"https:\\\/\\\/camaraenmano.org\\\/index.php\\\/badibu\\\/\",\"name\":\"Badib\u00fa, un proyecto solidario Asociaci\u00f3n fotogr\u00e1fica C\u00e1mara en mano Las Rozas\",\"isPartOf\":{\"@id\":\"https:\\\/\\\/camaraenmano.org\\\/#website\"},\"primaryImageOfPage\":{\"@id\":\"https:\\\/\\\/camaraenmano.org\\\/index.php\\\/badibu\\\/#primaryimage\"},\"image\":{\"@id\":\"https:\\\/\\\/camaraenmano.org\\\/index.php\\\/badibu\\\/#primaryimage\"},\"thumbnailUrl\":\"https:\\\/\\\/camaraenmano.org\\\/wp-content\\\/uploads\\\/2022\\\/11\\\/AGUA-SAHHO-scaled.jpg\",\"datePublished\":\"2023-03-06T14:14:57+00:00\",\"dateModified\":\"2023-11-13T17:51:46+00:00\",\"description\":\"Badibu proyecto fotogr\u00e1fico solidario Mercedes Conesa con el fin de apoyar la construcci\u00f3n de una escuela en Gambia\",\"breadcrumb\":{\"@id\":\"https:\\\/\\\/camaraenmano.org\\\/index.php\\\/badibu\\\/#breadcrumb\"},\"inLanguage\":\"es\",\"potentialAction\":[{\"@type\":\"ReadAction\",\"target\":[\"https:\\\/\\\/camaraenmano.org\\\/index.php\\\/badibu\\\/\"]}]},{\"@type\":\"ImageObject\",\"inLanguage\":\"es\",\"@id\":\"https:\\\/\\\/camaraenmano.org\\\/index.php\\\/badibu\\\/#primaryimage\",\"url\":\"https:\\\/\\\/camaraenmano.org\\\/wp-content\\\/uploads\\\/2022\\\/11\\\/AGUA-SAHHO-scaled.jpg\",\"contentUrl\":\"https:\\\/\\\/camaraenmano.org\\\/wp-content\\\/uploads\\\/2022\\\/11\\\/AGUA-SAHHO-scaled.jpg\",\"width\":2560,\"height\":1700},{\"@type\":\"BreadcrumbList\",\"@id\":\"https:\\\/\\\/camaraenmano.org\\\/index.php\\\/badibu\\\/#breadcrumb\",\"itemListElement\":[{\"@type\":\"ListItem\",\"position\":1,\"name\":\"Portada\",\"item\":\"https:\\\/\\\/camaraenmano.org\\\/\"},{\"@type\":\"ListItem\",\"position\":2,\"name\":\"Badib\u00fa, un proyecto solidario\"}]},{\"@type\":\"WebSite\",\"@id\":\"https:\\\/\\\/camaraenmano.org\\\/#website\",\"url\":\"https:\\\/\\\/camaraenmano.org\\\/\",\"name\":\"Asociaci\u00f3n fotogr\u00e1fica C\u00e1mara en mano Las Rozas\",\"description\":\"\",\"publisher\":{\"@id\":\"https:\\\/\\\/camaraenmano.org\\\/#organization\"},\"potentialAction\":[{\"@type\":\"SearchAction\",\"target\":{\"@type\":\"EntryPoint\",\"urlTemplate\":\"https:\\\/\\\/camaraenmano.org\\\/?s={search_term_string}\"},\"query-input\":{\"@type\":\"PropertyValueSpecification\",\"valueRequired\":true,\"valueName\":\"search_term_string\"}}],\"inLanguage\":\"es\"},{\"@type\":\"Organization\",\"@id\":\"https:\\\/\\\/camaraenmano.org\\\/#organization\",\"name\":\"C\u00e1mara en mano\",\"url\":\"https:\\\/\\\/camaraenmano.org\\\/\",\"logo\":{\"@type\":\"ImageObject\",\"inLanguage\":\"es\",\"@id\":\"https:\\\/\\\/camaraenmano.org\\\/#\\\/schema\\\/logo\\\/image\\\/\",\"url\":\"https:\\\/\\\/camaraenmano.org\\\/wp-content\\\/uploads\\\/2023\\\/10\\\/cropped-Logo-Camara-en-Mano-2-1.png\",\"contentUrl\":\"https:\\\/\\\/camaraenmano.org\\\/wp-content\\\/uploads\\\/2023\\\/10\\\/cropped-Logo-Camara-en-Mano-2-1.png\",\"width\":3174,\"height\":2093,\"caption\":\"C\u00e1mara en mano\"},\"image\":{\"@id\":\"https:\\\/\\\/camaraenmano.org\\\/#\\\/schema\\\/logo\\\/image\\\/\"},\"sameAs\":[\"https:\\\/\\\/www.facebook.com\\\/AFCamaraenmano\\\/\",\"https:\\\/\\\/www.instagram.com\\\/afcamaraenmano\\\/\"]}]}<\/script>\n<!-- \/ Yoast SEO plugin. -->","yoast_head_json":{"title":"Badib\u00fa, un proyecto solidario Asociaci\u00f3n fotogr\u00e1fica C\u00e1mara en mano Las Rozas","description":"Badibu proyecto fotogr\u00e1fico solidario Mercedes Conesa con el fin de apoyar la construcci\u00f3n de una escuela en Gambia","robots":{"index":"index","follow":"follow","max-snippet":"max-snippet:-1","max-image-preview":"max-image-preview:large","max-video-preview":"max-video-preview:-1"},"canonical":"https:\/\/camaraenmano.org\/index.php\/badibu\/","og_locale":"es_ES","og_type":"article","og_title":"Badib\u00fa, un proyecto solidario Asociaci\u00f3n fotogr\u00e1fica C\u00e1mara en mano Las Rozas","og_description":"Badibu proyecto fotogr\u00e1fico solidario Mercedes Conesa con el fin de apoyar la construcci\u00f3n de una escuela en Gambia","og_url":"https:\/\/camaraenmano.org\/index.php\/badibu\/","og_site_name":"Asociaci\u00f3n fotogr\u00e1fica C\u00e1mara en mano Las Rozas","article_publisher":"https:\/\/www.facebook.com\/AFCamaraenmano\/","article_modified_time":"2023-11-13T17:51:46+00:00","og_image":[{"width":2560,"height":1700,"url":"https:\/\/camaraenmano.org\/wp-content\/uploads\/2022\/11\/AGUA-SAHHO-scaled.jpg","type":"image\/jpeg"}],"twitter_card":"summary_large_image","twitter_misc":{"Tiempo de lectura":"3 minutos"},"schema":{"@context":"https:\/\/schema.org","@graph":[{"@type":"WebPage","@id":"https:\/\/camaraenmano.org\/index.php\/badibu\/","url":"https:\/\/camaraenmano.org\/index.php\/badibu\/","name":"Badib\u00fa, un proyecto solidario Asociaci\u00f3n fotogr\u00e1fica C\u00e1mara en mano Las Rozas","isPartOf":{"@id":"https:\/\/camaraenmano.org\/#website"},"primaryImageOfPage":{"@id":"https:\/\/camaraenmano.org\/index.php\/badibu\/#primaryimage"},"image":{"@id":"https:\/\/camaraenmano.org\/index.php\/badibu\/#primaryimage"},"thumbnailUrl":"https:\/\/camaraenmano.org\/wp-content\/uploads\/2022\/11\/AGUA-SAHHO-scaled.jpg","datePublished":"2023-03-06T14:14:57+00:00","dateModified":"2023-11-13T17:51:46+00:00","description":"Badibu proyecto fotogr\u00e1fico solidario Mercedes Conesa con el fin de apoyar la construcci\u00f3n de una escuela en Gambia","breadcrumb":{"@id":"https:\/\/camaraenmano.org\/index.php\/badibu\/#breadcrumb"},"inLanguage":"es","potentialAction":[{"@type":"ReadAction","target":["https:\/\/camaraenmano.org\/index.php\/badibu\/"]}]},{"@type":"ImageObject","inLanguage":"es","@id":"https:\/\/camaraenmano.org\/index.php\/badibu\/#primaryimage","url":"https:\/\/camaraenmano.org\/wp-content\/uploads\/2022\/11\/AGUA-SAHHO-scaled.jpg","contentUrl":"https:\/\/camaraenmano.org\/wp-content\/uploads\/2022\/11\/AGUA-SAHHO-scaled.jpg","width":2560,"height":1700},{"@type":"BreadcrumbList","@id":"https:\/\/camaraenmano.org\/index.php\/badibu\/#breadcrumb","itemListElement":[{"@type":"ListItem","position":1,"name":"Portada","item":"https:\/\/camaraenmano.org\/"},{"@type":"ListItem","position":2,"name":"Badib\u00fa, un proyecto solidario"}]},{"@type":"WebSite","@id":"https:\/\/camaraenmano.org\/#website","url":"https:\/\/camaraenmano.org\/","name":"Asociaci\u00f3n fotogr\u00e1fica C\u00e1mara en mano Las Rozas","description":"","publisher":{"@id":"https:\/\/camaraenmano.org\/#organization"},"potentialAction":[{"@type":"SearchAction","target":{"@type":"EntryPoint","urlTemplate":"https:\/\/camaraenmano.org\/?s={search_term_string}"},"query-input":{"@type":"PropertyValueSpecification","valueRequired":true,"valueName":"search_term_string"}}],"inLanguage":"es"},{"@type":"Organization","@id":"https:\/\/camaraenmano.org\/#organization","name":"C\u00e1mara en mano","url":"https:\/\/camaraenmano.org\/","logo":{"@type":"ImageObject","inLanguage":"es","@id":"https:\/\/camaraenmano.org\/#\/schema\/logo\/image\/","url":"https:\/\/camaraenmano.org\/wp-content\/uploads\/2023\/10\/cropped-Logo-Camara-en-Mano-2-1.png","contentUrl":"https:\/\/camaraenmano.org\/wp-content\/uploads\/2023\/10\/cropped-Logo-Camara-en-Mano-2-1.png","width":3174,"height":2093,"caption":"C\u00e1mara en mano"},"image":{"@id":"https:\/\/camaraenmano.org\/#\/schema\/logo\/image\/"},"sameAs":["https:\/\/www.facebook.com\/AFCamaraenmano\/","https:\/\/www.instagram.com\/afcamaraenmano\/"]}]}},"_links":{"self":[{"href":"https:\/\/camaraenmano.org\/index.php\/wp-json\/wp\/v2\/pages\/2482","targetHints":{"allow":["GET"]}}],"collection":[{"href":"https:\/\/camaraenmano.org\/index.php\/wp-json\/wp\/v2\/pages"}],"about":[{"href":"https:\/\/camaraenmano.org\/index.php\/wp-json\/wp\/v2\/types\/page"}],"author":[{"embeddable":true,"href":"https:\/\/camaraenmano.org\/index.php\/wp-json\/wp\/v2\/users\/1"}],"replies":[{"embeddable":true,"href":"https:\/\/camaraenmano.org\/index.php\/wp-json\/wp\/v2\/comments?post=2482"}],"version-history":[{"count":30,"href":"https:\/\/camaraenmano.org\/index.php\/wp-json\/wp\/v2\/pages\/2482\/revisions"}],"predecessor-version":[{"id":3226,"href":"https:\/\/camaraenmano.org\/index.php\/wp-json\/wp\/v2\/pages\/2482\/revisions\/3226"}],"wp:featuredmedia":[{"embeddable":true,"href":"https:\/\/camaraenmano.org\/index.php\/wp-json\/wp\/v2\/media\/1815"}],"wp:attachment":[{"href":"https:\/\/camaraenmano.org\/index.php\/wp-json\/wp\/v2\/media?parent=2482"}],"curies":[{"name":"wp","href":"https:\/\/api.w.org\/{rel}","templated":true}]}}